{"id":249,"date":"2026-03-12T16:00:59","date_gmt":"2026-03-12T16:00:59","guid":{"rendered":"https:\/\/alexandernh.fr\/?page_id=249"},"modified":"2026-03-30T14:42:28","modified_gmt":"2026-03-30T14:42:28","slug":"a-propos-de-moi","status":"publish","type":"page","link":"https:\/\/alexandernh.fr\/?page_id=249","title":{"rendered":"\u00c0 propos de moi"},"content":{"rendered":"\n<div class=\"wp-block-columns uag-hide-tab uag-hide-mob is-layout-flex wp-container-core-columns-is-layout-b8e64976 wp-block-columns-is-layout-flex\" style=\"margin-top:var(--wp--preset--spacing--80)\">\n<div class=\"wp-block-column is-layout-flow wp-block-column-is-layout-flow\" style=\"flex-basis:33.33%\">\n<p class=\"has-text-align-right\" style=\"margin-bottom:0;padding-bottom:0;font-size:clamp(24.034px, 1.502rem + ((1vw - 3.2px) * 1.426), 40px);font-style:normal;font-weight:700\">\u00e0 propos<\/p>\n\n\n\n<p class=\"has-text-align-right has-custom-orang-color has-text-color has-link-color wp-elements-c99c1ef66f49062b7c97de5655cac7ff\" style=\"margin-top:0;margin-bottom:0;font-size:clamp(24.034px, 1.502rem + ((1vw - 3.2px) * 1.426), 40px);font-style:normal;font-weight:700\">de moi<\/p>\n<\/div>\n\n\n\n<div class=\"wp-block-column is-layout-flow wp-block-column-is-layout-flow\" style=\"flex-basis:66.66%\">\n<p class=\"has-text-align-right\" style=\"font-size:clamp(60.8px, 3.8rem + ((1vw - 3.2px) * 6), 128px);font-style:normal;font-weight:700\">et, de mes<\/p>\n\n\n\n<p class=\"has-text-align-right has-custom-orang-color has-text-color has-link-color wp-elements-3002daea6de4b445b62f404cc5adebdb\" style=\"margin-top:0;font-size:clamp(60.8px, 3.8rem + ((1vw - 3.2px) * 6), 128px);font-style:normal;font-weight:700\">experiences<\/p>\n<\/div>\n<\/div>\n\n\n\n<div class=\"wp-block-columns uag-hide-desktop is-layout-flex wp-container-core-columns-is-layout-b8e64976 wp-block-columns-is-layout-flex\" style=\"margin-top:var(--wp--preset--spacing--80)\">\n<div class=\"wp-block-column is-layout-flow wp-block-column-is-layout-flow\" style=\"flex-basis:33.33%\">\n<p class=\"has-text-align-center\" style=\"margin-bottom:0;padding-bottom:0;font-size:clamp(24.034px, 1.502rem + ((1vw - 3.2px) * 1.426), 40px);font-style:normal;font-weight:700\">\u00e0 propos<\/p>\n\n\n\n<p class=\"has-text-align-center has-custom-orang-color has-text-color has-link-color wp-elements-4dca8447b55a9e7397b4aaf17ec7904c\" style=\"margin-top:0;margin-bottom:0;font-size:clamp(24.034px, 1.502rem + ((1vw - 3.2px) * 1.426), 40px);font-style:normal;font-weight:700\">de moi<\/p>\n<\/div>\n\n\n\n<div class=\"wp-block-column is-layout-flow wp-block-column-is-layout-flow\" style=\"flex-basis:66.66%\">\n<p class=\"has-text-align-center\" style=\"font-size:clamp(60.8px, 3.8rem + ((1vw - 3.2px) * 6), 128px);font-style:normal;font-weight:700\">et, de mes<\/p>\n\n\n\n<p class=\"has-text-align-center has-custom-orang-color has-text-color has-link-color wp-elements-047aae05b8c352bc9836a00fcd4e49e2\" style=\"margin-top:0;font-size:clamp(60.8px, 3.8rem + ((1vw - 3.2px) * 6), 128px);font-style:normal;font-weight:700\">experiences<\/p>\n<\/div>\n<\/div>\n\n\n\n<div class=\"wp-block-uagb-separator uagb-block-dbd23859 uag-hide-tab uag-hide-mob\"><div class=\"wp-block-uagb-separator__inner\" style=\"--my-background-image:\"><\/div><\/div>\n\n\n\n<div class=\"wp-block-columns is-layout-flex wp-container-core-columns-is-layout-28f84493 wp-block-columns-is-layout-flex\">\n<div class=\"wp-block-column is-layout-flow wp-block-column-is-layout-flow\" style=\"flex-basis:33.33%\">\n<div class=\"wp-block-uagb-image uagb-block-2a71ff81 wp-block-uagb-image--layout-default wp-block-uagb-image--effect-static wp-block-uagb-image--align-none\"><figure class=\"wp-block-uagb-image__figure\"><img decoding=\"async\" srcset=\"https:\/\/alexandernh.fr\/wp-content\/uploads\/2026\/03\/tt-761x1024.png ,https:\/\/alexandernh.fr\/wp-content\/uploads\/2026\/03\/tt.png 780w, https:\/\/alexandernh.fr\/wp-content\/uploads\/2026\/03\/tt.png 360w\" sizes=\"auto, (max-width: 480px) 150px\" src=\"https:\/\/alexandernh.fr\/wp-content\/uploads\/2026\/03\/tt-761x1024.png\" alt=\"\" class=\"uag-image-321\" width=\"897\" height=\"1207\" title=\"tt\" loading=\"lazy\" role=\"img\"\/><\/figure><\/div>\n<\/div>\n\n\n\n<div class=\"wp-block-column is-layout-flow wp-block-column-is-layout-flow\" style=\"flex-basis:66.66%\">\n<div class=\"wp-block-columns uag-hide-tab uag-hide-mob is-layout-flex wp-container-core-columns-is-layout-33ba964e wp-block-columns-is-layout-flex\" style=\"border-style:none;border-width:0px\">\n<div class=\"wp-block-column is-layout-flow wp-container-core-column-is-layout-929da708 wp-block-column-is-layout-flow\" style=\"padding-right:0\">\n<div data-aos= \"fade-left\" data-aos-duration=\"400\" data-aos-delay=\"0\" data-aos-easing=\"ease\" data-aos-once=\"true\" class=\"wp-block-uagb-separator uagb-block-3153b03d wp-block-uagb-separator--icon\"><div class=\"wp-block-uagb-separator__inner\" style=\"--my-background-image:\"><div class=\"wp-block-uagb-separator-element\"><svg xmlns=\"https:\/\/www.w3.org\/2000\/svg\" viewBox=\"0 0 512 512\"><path d=\"M256 0C114.6 0 0 114.6 0 256c0 141.4 114.6 256 256 256s256-114.6 256-256C512 114.6 397.4 0 256 0zM310.6 345.4c12.5 12.5 12.5 32.75 0 45.25s-32.75 12.5-45.25 0l-112-112C147.1 272.4 144 264.2 144 256s3.125-16.38 9.375-22.62l112-112c12.5-12.5 32.75-12.5 45.25 0s12.5 32.75 0 45.25L221.3 256L310.6 345.4z\"><\/path><\/svg><\/div><\/div><\/div>\n<\/div>\n<\/div>\n\n\n\n<div class=\"wp-block-uagb-separator uagb-block-382d1d11 wp-block-uagb-separator--icon\"><div class=\"wp-block-uagb-separator__inner\" style=\"--my-background-image:\"><div class=\"wp-block-uagb-separator-element\"><svg xmlns=\"https:\/\/www.w3.org\/2000\/svg\" viewBox=\"0 0 512 512\"><path d=\"M256 0C114.6 0 0 114.6 0 256c0 141.4 114.6 256 256 256s256-114.6 256-256C512 114.6 397.4 0 256 0zM390.6 246.6l-112 112C272.4 364.9 264.2 368 256 368s-16.38-3.125-22.62-9.375l-112-112c-12.5-12.5-12.5-32.75 0-45.25s32.75-12.5 45.25 0L256 290.8l89.38-89.38c12.5-12.5 32.75-12.5 45.25 0S403.1 234.1 390.6 246.6z\"><\/path><\/svg><\/div><\/div><\/div>\n\n\n\n<div class=\"wp-block-uagb-separator uagb-block-35db5b7b wp-block-uagb-separator--icon uag-hide-desktop\"><div class=\"wp-block-uagb-separator__inner\" style=\"--my-background-image:\"><div class=\"wp-block-uagb-separator-element\"><svg xmlns=\"https:\/\/www.w3.org\/2000\/svg\" viewBox=\"0 0 512 512\"><path d=\"M256 0C114.6 0 0 114.6 0 256c0 141.4 114.6 256 256 256s256-114.6 256-256C512 114.6 397.4 0 256 0zM390.6 246.6l-112 112C272.4 364.9 264.2 368 256 368s-16.38-3.125-22.62-9.375l-112-112c-12.5-12.5-12.5-32.75 0-45.25s32.75-12.5 45.25 0L256 290.8l89.38-89.38c12.5-12.5 32.75-12.5 45.25 0S403.1 234.1 390.6 246.6z\"><\/path><\/svg><\/div><\/div><\/div>\n\n\n\n<div class=\"wp-block-columns is-layout-flex wp-container-core-columns-is-layout-28f84493 wp-block-columns-is-layout-flex\">\n<div class=\"wp-block-column is-layout-flow wp-block-column-is-layout-flow\">\n<p style=\"font-size:clamp(15.747px, 0.984rem + ((1vw - 3.2px) * 0.737), 24px);\" class=\"uag-hide-tab uag-hide-mob\">Je m\u2019appelle Alexander, \u00e9tudiant en 3\u1d49 ann\u00e9e de Bachelor Design Graphique, option Illustration. J\u2019ai d\u00e9velopp\u00e9 <br>une solide exp\u00e9rience en communication visuelle, en illustration <br>et en digital painting. <br>Passionn\u00e9 par la cr\u00e9ation d\u2019images fortes et expressives, <br>je transforme des id\u00e9es audacieuses en univers visuels coh\u00e9rents et percutants, en cherchant constamment <br>\u00e0 repousser mes limites cr\u00e9atives et \u00e0 enrichir ma pratique <br>\u00e0 travers de nouveaux projets.<\/p>\n\n\n\n<p class=\"has-text-align-center uag-hide-desktop\" style=\"font-size:clamp(15.747px, 0.984rem + ((1vw - 3.2px) * 0.737), 24px);\">Je m\u2019appelle Alexander, \u00e9tudiant en 3\u1d49 ann\u00e9e de Bachelor Design Graphique, option Illustration. <br><br>J\u2019ai d\u00e9velopp\u00e9  une solide exp\u00e9rience en communication visuelle, <br>en illustration et en digital painting. <br>Passionn\u00e9 par la cr\u00e9ation d\u2019images fortes et expressives, <br>je transforme des id\u00e9es audacieuses en univers visuels coh\u00e9rents et percutants, <br>en cherchant constamment <br>\u00e0 repousser mes limites cr\u00e9atives <br>et \u00e0 enrichir ma pratique <br>\u00e0 travers de nouveaux projets.<\/p>\n<\/div>\n<\/div>\n<\/div>\n<\/div>\n\n\n\n<div class=\"wp-block-uagb-container uagb-block-f28771cb alignfull uagb-is-root-container\">\n<div class=\"marquee-multi\">\n  <div class=\"marquee-container\">\n    <div class=\"marquee-track\">\n      <span class=\"marquee-text\">MES EXPERIENCES # PROFESSIONNEL # MES EXPERIENCES # PROFESSIONNEL # <\/span>\n      <span class=\"marquee-text\">MES EXPERIENCES # PROFESSIONNEL # MES EXPERIENCES # PROFESSIONNEL # <\/span>\n    <\/div>\n  <\/div>\n\n  <div class=\"marquee-container reverse\">\n    <div class=\"marquee-track\">\n      <span class=\"marquee-text\">MES FORMATIONS # SCOLAIRES # MES FORMATIONS # SCOLAIRES # MES FORMATIONS # SCOLAIRES # MES FORMATIONS # SCOLAIRES # <\/span>\n      <span class=\"marquee-text\">MES FORMATIONS # SCOLAIRES # MES FORMATIONS # SCOLAIRES # MES FORMATIONS # SCOLAIRES # MES FORMATIONS # SCOLAIRES # <\/span>\n    <\/div>\n  <\/div>\n\n  <div class=\"marquee-container\">\n    <div class=\"marquee-track\">\n      <span class=\"marquee-text\">MES EXPERIENCES # PROFESSIONNEL # MES EXPERIENCES # PROFESSIONNEL # <\/span>\n      <span class=\"marquee-text\">MES EXPERIENCES # PROFESSIONNEL # MES EXPERIENCES # PROFESSIONNEL # <\/span>\n    <\/div>\n  <\/div>\n<\/div>\n<\/div>\n\n\n\n<div class=\"wp-block-uagb-container uagb-block-b7026e30 alignfull uagb-is-root-container\"><div class=\"uagb-container-inner-blocks-wrap\">\n<div data-aos= \"fade\" data-aos-duration=\"400\" data-aos-delay=\"0\" data-aos-easing=\"ease\" data-aos-once=\"true\" class=\"wp-block-uagb-separator uagb-block-15628320\"><div class=\"uagb-separator-spacing-wrapper\"><div class=\"wp-block-uagb-separator__inner\" style=\"--my-background-image:\"><\/div><\/div><\/div>\n<\/div><\/div>\n\n\n\n<div class=\"wp-block-uagb-image uagb-block-2f24c514 wp-block-uagb-image--layout-default wp-block-uagb-image--effect-static wp-block-uagb-image--align-none\"><figure class=\"wp-block-uagb-image__figure\"><img decoding=\"async\" srcset=\"https:\/\/alexandernh.fr\/wp-content\/uploads\/2026\/03\/Experiences_fond_b.svg ,https:\/\/alexandernh.fr\/wp-content\/uploads\/2026\/03\/Experiences_fond_b.svg 780w, https:\/\/alexandernh.fr\/wp-content\/uploads\/2026\/03\/Experiences_fond_b.svg 360w\" sizes=\"auto, (max-width: 480px) 150px\" src=\"https:\/\/alexandernh.fr\/wp-content\/uploads\/2026\/03\/Experiences_fond_b.svg\" alt=\"\" class=\"uag-image-16\" width=\"515\" height=\"71\" title=\"Experiences_fond_b\" loading=\"lazy\" role=\"img\"\/><\/figure><\/div>\n\n\n\n<div data-aos= \"fade-up\" data-aos-duration=\"400\" data-aos-delay=\"0\" data-aos-easing=\"ease\" data-aos-once=\"true\" class=\"wp-block-uagb-content-timeline uagb-timeline__outer-wrap uagb-block-c0088262 uagb-timeline__content-wrap uagb-timeline__center-block  uagb-timeline__arrow-center uagb-timeline\">\n<article class=\"wp-block-uagb-content-timeline-child uagb-timeline__field uagb-timeline-child-5be2f5c2 uagb-timeline__right\"><div class=\"uagb-timeline__marker out-view-uagb-timeline__icon\"><svg xmlns=\"https:\/\/www.w3.org\/2000\/svg\" viewBox=\"0 0 448 512\"><path d=\"M160 32V64H288V32C288 14.33 302.3 0 320 0C337.7 0 352 14.33 352 32V64H400C426.5 64 448 85.49 448 112V160H0V112C0 85.49 21.49 64 48 64H96V32C96 14.33 110.3 0 128 0C145.7 0 160 14.33 160 32zM0 192H448V464C448 490.5 426.5 512 400 512H48C21.49 512 0 490.5 0 464V192zM64 304C64 312.8 71.16 320 80 320H112C120.8 320 128 312.8 128 304V272C128 263.2 120.8 256 112 256H80C71.16 256 64 263.2 64 272V304zM192 304C192 312.8 199.2 320 208 320H240C248.8 320 256 312.8 256 304V272C256 263.2 248.8 256 240 256H208C199.2 256 192 263.2 192 272V304zM336 256C327.2 256 320 263.2 320 272V304C320 312.8 327.2 320 336 320H368C376.8 320 384 312.8 384 304V272C384 263.2 376.8 256 368 256H336zM64 432C64 440.8 71.16 448 80 448H112C120.8 448 128 440.8 128 432V400C128 391.2 120.8 384 112 384H80C71.16 384 64 391.2 64 400V432zM208 384C199.2 384 192 391.2 192 400V432C192 440.8 199.2 448 208 448H240C248.8 448 256 440.8 256 432V400C256 391.2 248.8 384 240 384H208zM320 432C320 440.8 327.2 448 336 448H368C376.8 448 384 440.8 384 432V400C384 391.2 376.8 384 368 384H336C327.2 384 320 391.2 320 400V432z\"><\/path><\/svg><\/div><div class=\"uagb-timeline__day-new uagb-timeline__day-right uagb-timeline__events-inner-new\"><div class=\"uagb-timeline__events-inner--content\"><div class=\"uagb-timeline__date-hide uagb-timeline__inner-date-new\">f\u00e9vrier 9, 2026<\/div><h4 class=\"uagb-timeline__heading\">sepeba ebra &#8211; stage &#8211; 6 mois<\/h4><p class=\"uagb-timeline-desc-content\">Refonte compl\u00e8te de l\u2019indentit\u00e9 visuelle.<br>Red\u00e9finition de la strat\u00e9gie de communication <br>et des supports associ\u00e8s.<br>Cr\u00e9ation de supports print et digitaux.<br>D\u00e9veloppement d\u2019une image de marque coh\u00e9rente et impactante.<\/p><div class=\"uagb-timeline__arrow\"><\/div><\/div><\/div><div class=\"uagb-timeline__date-new\">f\u00e9vrier 9, 2026<\/div><\/article>\n\n\n\n<article class=\"wp-block-uagb-content-timeline-child uagb-timeline__field uagb-timeline-child-a9a10318 uagb-timeline__left\"><div class=\"uagb-timeline__marker out-view-uagb-timeline__icon\"><svg xmlns=\"https:\/\/www.w3.org\/2000\/svg\" viewBox=\"0 0 448 512\"><path d=\"M160 32V64H288V32C288 14.33 302.3 0 320 0C337.7 0 352 14.33 352 32V64H400C426.5 64 448 85.49 448 112V160H0V112C0 85.49 21.49 64 48 64H96V32C96 14.33 110.3 0 128 0C145.7 0 160 14.33 160 32zM0 192H448V464C448 490.5 426.5 512 400 512H48C21.49 512 0 490.5 0 464V192zM64 304C64 312.8 71.16 320 80 320H112C120.8 320 128 312.8 128 304V272C128 263.2 120.8 256 112 256H80C71.16 256 64 263.2 64 272V304zM192 304C192 312.8 199.2 320 208 320H240C248.8 320 256 312.8 256 304V272C256 263.2 248.8 256 240 256H208C199.2 256 192 263.2 192 272V304zM336 256C327.2 256 320 263.2 320 272V304C320 312.8 327.2 320 336 320H368C376.8 320 384 312.8 384 304V272C384 263.2 376.8 256 368 256H336zM64 432C64 440.8 71.16 448 80 448H112C120.8 448 128 440.8 128 432V400C128 391.2 120.8 384 112 384H80C71.16 384 64 391.2 64 400V432zM208 384C199.2 384 192 391.2 192 400V432C192 440.8 199.2 448 208 448H240C248.8 448 256 440.8 256 432V400C256 391.2 248.8 384 240 384H208zM320 432C320 440.8 327.2 448 336 448H368C376.8 448 384 440.8 384 432V400C384 391.2 376.8 384 368 384H336C327.2 384 320 391.2 320 400V432z\"><\/path><\/svg><\/div><div class=\"uagb-timeline__day-new uagb-timeline__day-left uagb-timeline__events-inner-new\"><div class=\"uagb-timeline__events-inner--content\"><div class=\"uagb-timeline__date-hide uagb-timeline__inner-date-new\">juin 1, 2023<\/div><h4 class=\"uagb-timeline__heading\">freelance &#8211; aujourd&rsquo;hui<\/h4><p class=\"uagb-timeline-desc-content\">R\u00e9alisation de communication pour un domaine viticole.<br>Cr\u00e9ation d\u2019illustrations de diff\u00e9rents formats <br>et d\u2019assets graphiques pour des d\u00e9veloppeurs de jeux vid\u00e9o.<br><\/p><div class=\"uagb-timeline__arrow\"><\/div><\/div><\/div><div class=\"uagb-timeline__date-new\">juin 1, 2023<\/div><\/article>\n\n\n\n<article class=\"wp-block-uagb-content-timeline-child uagb-timeline__field uagb-timeline-child-ce65dbbc uagb-timeline__right\"><div class=\"uagb-timeline__marker out-view-uagb-timeline__icon\"><svg xmlns=\"https:\/\/www.w3.org\/2000\/svg\" viewBox=\"0 0 448 512\"><path d=\"M160 32V64H288V32C288 14.33 302.3 0 320 0C337.7 0 352 14.33 352 32V64H400C426.5 64 448 85.49 448 112V160H0V112C0 85.49 21.49 64 48 64H96V32C96 14.33 110.3 0 128 0C145.7 0 160 14.33 160 32zM0 192H448V464C448 490.5 426.5 512 400 512H48C21.49 512 0 490.5 0 464V192zM64 304C64 312.8 71.16 320 80 320H112C120.8 320 128 312.8 128 304V272C128 263.2 120.8 256 112 256H80C71.16 256 64 263.2 64 272V304zM192 304C192 312.8 199.2 320 208 320H240C248.8 320 256 312.8 256 304V272C256 263.2 248.8 256 240 256H208C199.2 256 192 263.2 192 272V304zM336 256C327.2 256 320 263.2 320 272V304C320 312.8 327.2 320 336 320H368C376.8 320 384 312.8 384 304V272C384 263.2 376.8 256 368 256H336zM64 432C64 440.8 71.16 448 80 448H112C120.8 448 128 440.8 128 432V400C128 391.2 120.8 384 112 384H80C71.16 384 64 391.2 64 400V432zM208 384C199.2 384 192 391.2 192 400V432C192 440.8 199.2 448 208 448H240C248.8 448 256 440.8 256 432V400C256 391.2 248.8 384 240 384H208zM320 432C320 440.8 327.2 448 336 448H368C376.8 448 384 440.8 384 432V400C384 391.2 376.8 384 368 384H336C327.2 384 320 391.2 320 400V432z\"><\/path><\/svg><\/div><div class=\"uagb-timeline__day-new uagb-timeline__day-right uagb-timeline__events-inner-new\"><div class=\"uagb-timeline__events-inner--content\"><div class=\"uagb-timeline__date-hide uagb-timeline__inner-date-new\">juillet 1, 2025<\/div><h4 class=\"uagb-timeline__heading\">ege&amp;aga &#8211; stage &#8211; juillet &#8211; ao\u00fbt 2025<\/h4><p class=\"uagb-timeline-desc-content\">Cr\u00e9ation d\u2019affiches, flyers, banderoles <br>et contenus en motion design<br>pour \u00e9v\u00e9nements et clients.<br>Recherche et conception de logos notamment pour l\u2019amicale des  sapeurs-pompiers<\/p><div class=\"uagb-timeline__arrow\"><\/div><\/div><\/div><div class=\"uagb-timeline__date-new\">juillet 1, 2025<\/div><\/article>\n\n\n\n<article class=\"wp-block-uagb-content-timeline-child uagb-timeline__field uagb-timeline-child-267dcdf0 uagb-timeline__left\"><div class=\"uagb-timeline__marker out-view-uagb-timeline__icon\"><svg xmlns=\"https:\/\/www.w3.org\/2000\/svg\" viewBox=\"0 0 448 512\"><path d=\"M160 32V64H288V32C288 14.33 302.3 0 320 0C337.7 0 352 14.33 352 32V64H400C426.5 64 448 85.49 448 112V160H0V112C0 85.49 21.49 64 48 64H96V32C96 14.33 110.3 0 128 0C145.7 0 160 14.33 160 32zM0 192H448V464C448 490.5 426.5 512 400 512H48C21.49 512 0 490.5 0 464V192zM64 304C64 312.8 71.16 320 80 320H112C120.8 320 128 312.8 128 304V272C128 263.2 120.8 256 112 256H80C71.16 256 64 263.2 64 272V304zM192 304C192 312.8 199.2 320 208 320H240C248.8 320 256 312.8 256 304V272C256 263.2 248.8 256 240 256H208C199.2 256 192 263.2 192 272V304zM336 256C327.2 256 320 263.2 320 272V304C320 312.8 327.2 320 336 320H368C376.8 320 384 312.8 384 304V272C384 263.2 376.8 256 368 256H336zM64 432C64 440.8 71.16 448 80 448H112C120.8 448 128 440.8 128 432V400C128 391.2 120.8 384 112 384H80C71.16 384 64 391.2 64 400V432zM208 384C199.2 384 192 391.2 192 400V432C192 440.8 199.2 448 208 448H240C248.8 448 256 440.8 256 432V400C256 391.2 248.8 384 240 384H208zM320 432C320 440.8 327.2 448 336 448H368C376.8 448 384 440.8 384 432V400C384 391.2 376.8 384 368 384H336C327.2 384 320 391.2 320 400V432z\"><\/path><\/svg><\/div><div class=\"uagb-timeline__day-new uagb-timeline__day-left uagb-timeline__events-inner-new\"><div class=\"uagb-timeline__events-inner--content\"><div class=\"uagb-timeline__date-hide uagb-timeline__inner-date-new\">juillet 1, 2024<\/div><h4 class=\"uagb-timeline__heading\">musset-roullier &#8211; stage &#8211; juillet &#8211; septembre 2024 <\/h4><p class=\"uagb-timeline-desc-content\">Conception de supports de communication print.<br>Cr\u00e9ation de supports commerciaux et \u00e9v\u00e9nementiels, coffrets, cartes cadeaux et visuels associ\u00e9s.<br>Adaptation des cr\u00e9ations \u00e0 l\u2019identit\u00e9 visuelle du vignoble et aux besoins marketing.<\/p><div class=\"uagb-timeline__arrow\"><\/div><\/div><\/div><div class=\"uagb-timeline__date-new\">juillet 1, 2024<\/div><\/article>\n<div class=\"uagb-timeline__line\"><div class=\"uagb-timeline__line__inner\"><\/div><\/div><\/div>\n\n\n\n<div class=\"wp-block-uagb-separator uagb-block-feb55edb\"><div class=\"wp-block-uagb-separator__inner\" style=\"--my-background-image:\"><\/div><\/div>\n\n\n\n<div class=\"wp-block-uagb-image uagb-block-1f25db47 wp-block-uagb-image--layout-default wp-block-uagb-image--effect-static wp-block-uagb-image--align-none\"><figure class=\"wp-block-uagb-image__figure\"><img decoding=\"async\" srcset=\"https:\/\/alexandernh.fr\/wp-content\/uploads\/2026\/03\/Formations_fond_b.svg ,https:\/\/alexandernh.fr\/wp-content\/uploads\/2026\/03\/Formations_fond_b.svg 780w, https:\/\/alexandernh.fr\/wp-content\/uploads\/2026\/03\/Formations_fond_b.svg 360w\" sizes=\"auto, (max-width: 480px) 150px\" src=\"https:\/\/alexandernh.fr\/wp-content\/uploads\/2026\/03\/Formations_fond_b.svg\" alt=\"\" class=\"uag-image-17\" width=\"515\" height=\"71\" title=\"Formations_fond_b\" loading=\"lazy\" role=\"img\"\/><\/figure><\/div>\n\n\n\n<div class=\"wp-block-uagb-separator uagb-block-759c6fd8\"><div class=\"wp-block-uagb-separator__inner\" style=\"--my-background-image:\"><\/div><\/div>\n\n\n\n<div class=\"wp-block-columns is-layout-flex wp-container-core-columns-is-layout-28f84493 wp-block-columns-is-layout-flex\">\n<div class=\"wp-block-column uag-hide-tab uag-hide-mob is-layout-flow wp-block-column-is-layout-flow\">\n<p class=\"has-custom-orang-color has-text-color has-link-color wp-elements-94f2875844be65afded527dbe15b102c\" style=\"font-style:normal;font-weight:700\">EEGP 2023 &#8211; 2026<\/p>\n\n\n\n<p><br>Bachelor Design Graphique Illustration <br>&amp; Concept Art.<br><br><br>Graphisme (mise en page, direction artistique, branding, marketing, gestion de projet, 3D)<br><br>Illustration (concept art, character design, d\u00e9cors, props, affiches, BD, techniques traditionnelles)<\/p>\n<\/div>\n\n\n\n<div class=\"wp-block-column uag-hide-desktop is-layout-flow wp-block-column-is-layout-flow\">\n<p class=\"has-text-align-center has-custom-orang-color has-text-color has-link-color wp-elements-23732a610f9bc90845fd55f719ee1468\" style=\"font-style:normal;font-weight:700\">EEGP 2023 &#8211; 2026<\/p>\n\n\n\n<p class=\"has-text-align-center\"><br>Bachelor Design Graphique <br>Illustration <br>&amp; Concept Art.<br><br>Graphisme <br>(mise en page, direction artistique, <br>branding, marketing, <br>gestion de projet, 3D)<br><br>Illustration <br>(concept art, character design, d\u00e9cors, props, affiches, BD, techniques traditionnelles)<\/p>\n<\/div>\n\n\n\n<div class=\"wp-block-column uag-hide-tab uag-hide-mob is-layout-flow wp-block-column-is-layout-flow\">\n<p class=\"has-custom-orang-color has-text-color has-link-color wp-elements-ea4f9da588cfa6a176fdd539d29c7bf1\" style=\"font-style:normal;font-weight:700\">Saint Aubin La Salle 2020 &#8211; 2023<\/p>\n\n\n\n<p><br>Baccalaur\u00e9at G\u00e9n\u00e9ral et technologique <br>option art et m\u00e9tier du design.<\/p>\n<\/div>\n\n\n\n<div class=\"wp-block-column uag-hide-desktop is-layout-flow wp-block-column-is-layout-flow\">\n<p class=\"has-text-align-center has-custom-orang-color has-text-color has-link-color wp-elements-3f9c6dffaeeb2777c2f86dbae27493f7\" style=\"font-style:normal;font-weight:700\">Saint Aubin La Salle 2020 &#8211; 2023<\/p>\n\n\n\n<p class=\"has-text-align-center\"><br>Baccalaur\u00e9at G\u00e9n\u00e9ral et technologique <br>option art et m\u00e9tier du design.<\/p>\n<\/div>\n<\/div>\n\n\n\n<p><\/p>\n","protected":false},"excerpt":{"rendered":"<p>\u00e0 propos de moi et, de mes experiences \u00e0 propos de moi et, de mes experiences Je m\u2019appelle Alexander, \u00e9tudiant en 3\u1d49 ann\u00e9e de Bachelor Design Graphique, option Illustration. J\u2019ai d\u00e9velopp\u00e9 une solide exp\u00e9rience en communication visuelle, en illustration et en digital painting. Passionn\u00e9 par la cr\u00e9ation d\u2019images fortes et expressives, je transforme des id\u00e9es [&hellip;]<\/p>\n","protected":false},"author":1,"featured_media":0,"parent":0,"menu_order":0,"comment_status":"closed","ping_status":"closed","template":"","meta":{"_uag_custom_page_level_css":"","footnotes":""},"class_list":["post-249","page","type-page","status-publish","hentry"],"uagb_featured_image_src":{"full":false,"thumbnail":false,"medium":false,"medium_large":false,"large":false,"1536x1536":false,"2048x2048":false},"uagb_author_info":{"display_name":"admin2959","author_link":"https:\/\/alexandernh.fr\/?author=1"},"uagb_comment_info":0,"uagb_excerpt":"\u00e0 propos de moi et, de mes experiences \u00e0 propos de moi et, de mes experiences Je m\u2019appelle Alexander, \u00e9tudiant en 3\u1d49 ann\u00e9e de Bachelor Design Graphique, option Illustration. J\u2019ai d\u00e9velopp\u00e9 une solide exp\u00e9rience en communication visuelle, en illustration et en digital painting. Passionn\u00e9 par la cr\u00e9ation d\u2019images fortes et expressives, je transforme des id\u00e9es\u2026","_links":{"self":[{"href":"https:\/\/alexandernh.fr\/index.php?rest_route=\/wp\/v2\/pages\/249","targetHints":{"allow":["GET"]}}],"collection":[{"href":"https:\/\/alexandernh.fr\/index.php?rest_route=\/wp\/v2\/pages"}],"about":[{"href":"https:\/\/alexandernh.fr\/index.php?rest_route=\/wp\/v2\/types\/page"}],"author":[{"embeddable":true,"href":"https:\/\/alexandernh.fr\/index.php?rest_route=\/wp\/v2\/users\/1"}],"replies":[{"embeddable":true,"href":"https:\/\/alexandernh.fr\/index.php?rest_route=%2Fwp%2Fv2%2Fcomments&post=249"}],"version-history":[{"count":111,"href":"https:\/\/alexandernh.fr\/index.php?rest_route=\/wp\/v2\/pages\/249\/revisions"}],"predecessor-version":[{"id":902,"href":"https:\/\/alexandernh.fr\/index.php?rest_route=\/wp\/v2\/pages\/249\/revisions\/902"}],"wp:attachment":[{"href":"https:\/\/alexandernh.fr\/index.php?rest_route=%2Fwp%2Fv2%2Fmedia&parent=249"}],"curies":[{"name":"wp","href":"https:\/\/api.w.org\/{rel}","templated":true}]}}