{"id":502,"date":"2026-03-24T09:40:27","date_gmt":"2026-03-24T09:40:27","guid":{"rendered":"https:\/\/alexandernh.fr\/?page_id=502"},"modified":"2026-03-30T13:05:47","modified_gmt":"2026-03-30T13:05:47","slug":"museum","status":"publish","type":"page","link":"https:\/\/alexandernh.fr\/?page_id=502","title":{"rendered":"mus\u00e9um"},"content":{"rendered":"\n<div data-aos= \"fade-down\" data-aos-duration=\"400\" data-aos-delay=\"0\" data-aos-easing=\"ease\" data-aos-once=\"true\" class=\"wp-block-uagb-container uagb-block-bc0cd547 alignfull uagb-is-root-container\">\n<div data-aos= \"fade-down\" data-aos-duration=\"400\" data-aos-delay=\"0\" data-aos-easing=\"ease\" data-aos-once=\"true\" class=\"wp-block-uagb-image uagb-block-bc820d35 wp-block-uagb-image--layout-default wp-block-uagb-image--effect-static wp-block-uagb-image--align-none\"><figure class=\"wp-block-uagb-image__figure\"><img decoding=\"async\" srcset=\"https:\/\/alexandernh.fr\/wp-content\/uploads\/2026\/03\/logo.svg ,https:\/\/alexandernh.fr\/wp-content\/uploads\/2026\/03\/logo.svg 780w, https:\/\/alexandernh.fr\/wp-content\/uploads\/2026\/03\/logo.svg 360w\" sizes=\"auto, (max-width: 480px) 150px\" src=\"https:\/\/alexandernh.fr\/wp-content\/uploads\/2026\/03\/logo.svg\" alt=\"\" class=\"uag-image-668\" width=\"788\" height=\"127\" title=\"logo\" loading=\"lazy\" role=\"img\"\/><\/figure><\/div>\n<\/div>\n\n\n\n<div class=\"wp-block-uagb-container uagb-block-8f5a5c25 alignfull uagb-is-root-container\">\n<div data-aos= \"fade-down\" data-aos-duration=\"400\" data-aos-delay=\"0\" data-aos-easing=\"ease\" data-aos-once=\"true\" class=\"wp-block-uagb-image uagb-block-63047e37 wp-block-uagb-image--layout-default wp-block-uagb-image--effect-static wp-block-uagb-image--align-none\"><figure class=\"wp-block-uagb-image__figure\"><img decoding=\"async\" srcset=\"https:\/\/alexandernh.fr\/wp-content\/uploads\/2026\/03\/Mockup_Insta-scaled.jpg ,https:\/\/alexandernh.fr\/wp-content\/uploads\/2026\/03\/Mockup_Insta-scaled.jpg 780w, https:\/\/alexandernh.fr\/wp-content\/uploads\/2026\/03\/Mockup_Insta-scaled.jpg 360w\" sizes=\"auto, (max-width: 480px) 150px\" src=\"https:\/\/alexandernh.fr\/wp-content\/uploads\/2026\/03\/Mockup_Insta-scaled.jpg\" alt=\"\" class=\"uag-image-674\" width=\"2560\" height=\"1708\" title=\"Mockup_Insta\" loading=\"lazy\" role=\"img\"\/><\/figure><\/div>\n<\/div>\n\n\n\n<div class=\"wp-block-columns alignfull is-not-stacked-on-mobile is-layout-flex wp-container-core-columns-is-layout-1ec2ec05 wp-block-columns-is-layout-flex\" style=\"margin-top:0;margin-bottom:0;padding-top:0;padding-right:0;padding-bottom:0;padding-left:0\">\n<div class=\"wp-block-column is-layout-flow wp-container-core-column-is-layout-b2a27621 wp-block-column-is-layout-flow\" style=\"padding-top:0;padding-right:0;padding-bottom:0;padding-left:0\">\n<div data-aos= \"fade-down\" data-aos-duration=\"400\" data-aos-delay=\"0\" data-aos-easing=\"ease\" data-aos-once=\"true\" class=\"wp-block-uagb-image uagb-block-4b83f6dc wp-block-uagb-image--layout-default wp-block-uagb-image--effect-static wp-block-uagb-image--align-none\"><figure class=\"wp-block-uagb-image__figure\"><img decoding=\"async\" srcset=\"https:\/\/alexandernh.fr\/wp-content\/uploads\/2026\/03\/Publication-1.jpg ,https:\/\/alexandernh.fr\/wp-content\/uploads\/2026\/03\/Publication-1.jpg 780w, https:\/\/alexandernh.fr\/wp-content\/uploads\/2026\/03\/Publication-1.jpg 360w\" sizes=\"auto, (max-width: 480px) 150px\" src=\"https:\/\/alexandernh.fr\/wp-content\/uploads\/2026\/03\/Publication-1.jpg\" alt=\"\" class=\"uag-image-677\" width=\"1080\" height=\"1351\" title=\"Publication 1\" loading=\"lazy\" role=\"img\"\/><\/figure><\/div>\n<\/div>\n\n\n\n<div class=\"wp-block-column is-layout-flow wp-container-core-column-is-layout-b2a27621 wp-block-column-is-layout-flow\" style=\"padding-top:0;padding-right:0;padding-bottom:0;padding-left:0\">\n<div data-aos= \"fade-down\" data-aos-duration=\"400\" data-aos-delay=\"0\" data-aos-easing=\"ease\" data-aos-once=\"true\" class=\"wp-block-uagb-image uagb-block-13873224 wp-block-uagb-image--layout-default wp-block-uagb-image--effect-static wp-block-uagb-image--align-none\"><figure class=\"wp-block-uagb-image__figure\"><img decoding=\"async\" srcset=\"https:\/\/alexandernh.fr\/wp-content\/uploads\/2026\/03\/Publication-2.jpg ,https:\/\/alexandernh.fr\/wp-content\/uploads\/2026\/03\/Publication-2.jpg 780w, https:\/\/alexandernh.fr\/wp-content\/uploads\/2026\/03\/Publication-2.jpg 360w\" sizes=\"auto, (max-width: 480px) 150px\" src=\"https:\/\/alexandernh.fr\/wp-content\/uploads\/2026\/03\/Publication-2.jpg\" alt=\"\" class=\"uag-image-678\" width=\"1081\" height=\"1351\" title=\"Publication 2\" loading=\"lazy\" role=\"img\"\/><\/figure><\/div>\n<\/div>\n\n\n\n<div class=\"wp-block-column is-layout-flow wp-container-core-column-is-layout-b2a27621 wp-block-column-is-layout-flow\" style=\"padding-top:0;padding-right:0;padding-bottom:0;padding-left:0\">\n<div data-aos= \"fade-down\" data-aos-duration=\"400\" data-aos-delay=\"0\" data-aos-easing=\"ease\" data-aos-once=\"true\" class=\"wp-block-uagb-image uagb-block-0965b045 wp-block-uagb-image--layout-default wp-block-uagb-image--effect-static wp-block-uagb-image--align-none\"><figure class=\"wp-block-uagb-image__figure\"><img decoding=\"async\" srcset=\"https:\/\/alexandernh.fr\/wp-content\/uploads\/2026\/03\/Publication-3.jpg ,https:\/\/alexandernh.fr\/wp-content\/uploads\/2026\/03\/Publication-3.jpg 780w, https:\/\/alexandernh.fr\/wp-content\/uploads\/2026\/03\/Publication-3.jpg 360w\" sizes=\"auto, (max-width: 480px) 150px\" src=\"https:\/\/alexandernh.fr\/wp-content\/uploads\/2026\/03\/Publication-3.jpg\" alt=\"\" class=\"uag-image-679\" width=\"1081\" height=\"1351\" title=\"Publication 3\" loading=\"lazy\" role=\"img\"\/><\/figure><\/div>\n<\/div>\n<\/div>\n\n\n\n<div data-aos= \"fade-down\" data-aos-duration=\"400\" data-aos-delay=\"0\" data-aos-easing=\"ease\" data-aos-once=\"true\" class=\"wp-block-uagb-container uagb-block-0cfd2a49 alignfull uagb-is-root-container\"><div class=\"uagb-container-inner-blocks-wrap\">\n<div class=\"wp-block-columns is-layout-flex wp-container-core-columns-is-layout-6962f912 wp-block-columns-is-layout-flex\" style=\"margin-top:0;margin-bottom:0;padding-top:0;padding-right:0;padding-bottom:0;padding-left:0\">\n<div class=\"wp-block-column is-layout-flow wp-block-column-is-layout-flow\" style=\"padding-top:var(--wp--preset--spacing--80);padding-right:var(--wp--preset--spacing--50);flex-basis:66.66%\">\n<p class=\"has-base-color has-text-color has-link-color uag-hide-tab uag-hide-mob wp-elements-dbf79f11c6d00b5ea9e90382f091aebb\" style=\"font-style:normal;font-weight:700\">mus\u00e9um d&rsquo;histoire naturelle de la rochelle<\/p>\n\n\n\n<p class=\"has-base-color has-text-color has-link-color uag-hide-tab uag-hide-mob wp-elements-2eb7357bfdcf3f203d8386447fe1d570\">Cr\u00e9ation et gestion de l\u2019ensemble des r\u00e9seaux sociaux, ainsi que participation <br>\u00e0 la r\u00e9flexion autour de l\u2019identit\u00e9 visuelle.<br>De l\u2019\u00e9laboration du planning \u00e9ditorial \u00e0 la conception des visuels.<br>L\u2019objectif est d\u2019informer le public des \u00e9v\u00e9nements \u00e0 venir, d\u2019en assurer la visibilit\u00e9 (qu\u2019ils soient ponctuels ou r\u00e9currents), et de proposer des contenus utiles et durables, pouvant rester pertinents au fil des prochaines saisons.<\/p>\n\n\n\n<p class=\"has-text-align-center has-base-color has-text-color has-link-color uag-hide-desktop wp-elements-f1540241546809c77d2a7e03266b6541\">mus\u00e9um d&rsquo;histoire naturelle de la rochelle<\/p>\n\n\n\n<p class=\"has-text-align-center has-base-color has-text-color has-link-color uag-hide-desktop wp-elements-431be1c3b28a090acd7e4fc1e833e66b\"><\/p>\n\n\n\n<p class=\"has-text-align-center has-base-color has-text-color has-link-color uag-hide-desktop wp-elements-f436ca3cd6aad1985590cf0cafab2aeb\">Cr\u00e9ation et gestion de l\u2019ensemble des r\u00e9seaux sociaux, ainsi que participation \u00e0 la r\u00e9flexion autour de l\u2019identit\u00e9 visuelle.<br>De l\u2019\u00e9laboration du planning \u00e9ditorial \u00e0 la conception des visuels.<br>L\u2019objectif est d\u2019informer le public des \u00e9v\u00e9nements \u00e0 venir, d\u2019en assurer la visibilit\u00e9 (qu\u2019ils soient ponctuels ou r\u00e9currents), et de proposer des contenus utiles et durables, pouvant rester pertinents au fil des prochaines saisons.<\/p>\n\n\n\n<div class=\"wp-block-uagb-buttons uagb-buttons__outer-wrap uagb-btn__small-btn uagb-btn-tablet__default-btn uagb-btn-mobile__default-btn uagb-block-49e2890c\"><div class=\"uagb-buttons__wrap uagb-buttons-layout-wrap \">\n<div class=\"wp-block-uagb-buttons-child uagb-buttons__outer-wrap uagb-block-9d147726 wp-block-button\"><div class=\"uagb-button__wrapper\"><a class=\"uagb-buttons-repeater wp-block-button__link\" aria-label=\"\" href=\"#\" rel=\"follow noopener\" target=\"_self\" role=\"button\"><div class=\"uagb-button__link\">illustrator<\/div><\/a><\/div><\/div>\n\n\n\n<div class=\"wp-block-uagb-buttons-child uagb-buttons__outer-wrap uagb-block-28b07b82 wp-block-button\"><div class=\"uagb-button__wrapper\"><a class=\"uagb-buttons-repeater wp-block-button__link\" aria-label=\"\" href=\"#\" rel=\"follow noopener\" target=\"_self\" role=\"button\"><div class=\"uagb-button__link\">lightroom<\/div><\/a><\/div><\/div>\n\n\n\n<div class=\"wp-block-uagb-buttons-child uagb-buttons__outer-wrap uagb-block-49d7703c wp-block-button\"><div class=\"uagb-button__wrapper\"><a class=\"uagb-buttons-repeater wp-block-button__link\" aria-label=\"\" href=\"#\" rel=\"follow noopener\" target=\"_self\" role=\"button\"><div class=\"uagb-button__link\">after effect<\/div><\/a><\/div><\/div>\n<\/div><\/div>\n\n\n\n<div class=\"wp-block-uagb-separator uagb-block-aab2ce2b\"><div class=\"wp-block-uagb-separator__inner\" style=\"--my-background-image:\"><\/div><\/div>\n\n\n\n<div class=\"wp-block-columns is-layout-flex wp-container-core-columns-is-layout-28f84493 wp-block-columns-is-layout-flex\">\n<div class=\"wp-block-column is-vertically-aligned-center is-layout-flow wp-block-column-is-layout-flow\" style=\"flex-basis:66.66%\">\n<p class=\"has-text-align-left has-base-color has-text-color has-link-color wp-elements-a1eb9407769d3d3c11ed2326e612f3d7\" style=\"font-size:clamp(39.963px, 2.498rem + ((1vw - 3.2px) * 3.128), 75px);\">Vid\u00e9o (reels)<\/p>\n<\/div>\n\n\n\n<div class=\"wp-block-column is-layout-flow wp-block-column-is-layout-flow\" style=\"flex-basis:33.33%\">      \n\t\t\t<div data-aos= \"fade-right\" data-aos-duration=\"400\" data-aos-delay=\"0\" data-aos-easing=\"ease\" data-aos-once=\"true\" class=\"uagb-icon-wrapper uagb-block-2a645c00    uag-hide-tab uag-hide-mob \"\n\t\t\tstyle=\"\" >\n\t\t\t\t\t\t\t\t\t<span class=\"uagb-svg-wrapper\" \n\t\t\t\t\t aria-label=\"circle-chevron-right\"\t\t\t\t\ttabindex=\"0\">\t\t\n\t\t\t\t\t\t\t\t\t\t<svg xmlns=\"https:\/\/www.w3.org\/2000\/svg\" viewBox= \"0 0 512 512\" role=\"graphics-symbol\" aria-hidden=\"false\" aria-label=\"\"><path d=\"M256 0C114.6 0 0 114.6 0 256c0 141.4 114.6 256 256 256s256-114.6 256-256C512 114.6 397.4 0 256 0zM358.6 278.6l-112 112c-12.5 12.5-32.75 12.5-45.25 0s-12.5-32.75 0-45.25L290.8 256L201.4 166.6c-12.5-12.5-12.5-32.75 0-45.25s32.75-12.5 45.25 0l112 112C364.9 239.6 368 247.8 368 256S364.9 272.4 358.6 278.6z\"><\/path><\/svg>\n\t\t\t\t\t\t\t\t\t<\/span>\n\t\t\t\t\t\t\t<\/div>\n\t\t\t<\/div>\n<\/div>\n\n\n\n<div class=\"wp-block-uagb-container uag-hide-desktop uagb-block-89e271b8\">      \n\t\t\t<div class=\"uagb-icon-wrapper uagb-block-ffccd6a8      \"\n\t\t\tstyle=\"\" >\n\t\t\t\t\t\t\t\t\t<span class=\"uagb-svg-wrapper\" \n\t\t\t\t\t aria-label=\"circle-chevron-down\"\t\t\t\t\ttabindex=\"0\">\t\t\n\t\t\t\t\t\t\t\t\t\t<svg xmlns=\"https:\/\/www.w3.org\/2000\/svg\" viewBox= \"0 0 512 512\" role=\"graphics-symbol\" aria-hidden=\"false\" aria-label=\"\"><path d=\"M256 0C114.6 0 0 114.6 0 256c0 141.4 114.6 256 256 256s256-114.6 256-256C512 114.6 397.4 0 256 0zM390.6 246.6l-112 112C272.4 364.9 264.2 368 256 368s-16.38-3.125-22.62-9.375l-112-112c-12.5-12.5-12.5-32.75 0-45.25s32.75-12.5 45.25 0L256 290.8l89.38-89.38c12.5-12.5 32.75-12.5 45.25 0S403.1 234.1 390.6 246.6z\"><\/path><\/svg>\n\t\t\t\t\t\t\t\t\t<\/span>\n\t\t\t\t\t\t\t<\/div>\n\t\t\t<\/div>\n<\/div>\n\n\n\n<div class=\"wp-block-column is-layout-flow wp-block-column-is-layout-flow\" style=\"flex-basis:33.33%\">\n<figure class=\"wp-block-video\"><video height=\"1920\" style=\"aspect-ratio: 1080 \/ 1920;\" width=\"1080\" controls loop src=\"https:\/\/alexandernh.fr\/wp-content\/uploads\/2026\/03\/Reel_Museum_Final.mp4\" playsinline><\/video><\/figure>\n<\/div>\n<\/div>\n<\/div><\/div>\n\n\n\n<div class=\"wp-block-columns alignfull is-layout-flex wp-container-core-columns-is-layout-b61ab78d wp-block-columns-is-layout-flex\" style=\"margin-top:0;margin-bottom:0;padding-top:0;padding-right:0;padding-bottom:0;padding-left:0\">\n<div class=\"wp-block-column is-layout-flow wp-block-column-is-layout-flow\" style=\"padding-right:0;padding-bottom:0\">\t\t\t\t\t<div\n\t\t\t\t\t\tclass=\"wp-block-uagb-image-gallery uagb-block-6207b3d8     \"\n\t\t\t\t\t\tstyle=\"\"\n\t\t\t\t\t>\n\t\t\t\t\t\t\t\t\t\t\t<div class=\"spectra-image-gallery spectra-image-gallery__layout--carousel\">\n\t\t\t\t\t\t\t\t<div class=\"uagb-slick-carousel uagb-block-6207b3d8\">\n\t\t\t\t\t\t\t\t\t\t\t\t<div class='spectra-image-gallery__media-wrapper' data-spectra-gallery-image-id='709'>\n\t\t\t\t\t\t\t<div class=\"spectra-image-gallery__media spectra-image-gallery__media--carousel\">\n\t\t\t\t<picture>\n\t\t\t\t\t<source media=\"(min-width: 1024px)\" srcset=\"https:\/\/alexandernh.fr\/wp-content\/uploads\/2026\/03\/calendrier-editorial-scaled.jpg\">\n\t\t\t\t\t<source media=\"(min-width: 768px)\" srcset=\"https:\/\/alexandernh.fr\/wp-content\/uploads\/2026\/03\/calendrier-editorial-1024x724.jpg\">\n\t\t\t\t\t<img decoding=\"async\" class=\"spectra-image-gallery__media-thumbnail spectra-image-gallery__media-thumbnail--carousel\" src=\"https:\/\/alexandernh.fr\/wp-content\/uploads\/2026\/03\/calendrier-editorial-300x212.jpg\" alt=\"\" \/>\n\t\t\t\t<\/picture>\n\t\t\t\t<div class=\"spectra-image-gallery__media-thumbnail-blurrer\"><\/div>\n\t\t\t\t\t\t\t\t\t\t\t<div class=\"spectra-image-gallery__media-thumbnail-caption-wrapper spectra-image-gallery__media-thumbnail-caption-wrapper--overlay\"><\/div>\n\t\t\t\t\t\t\t\t<\/div>\n\t\t\t\t\t\t<\/div>\n\t\t\t\t\t\t<div class='spectra-image-gallery__media-wrapper' data-spectra-gallery-image-id='710'>\n\t\t\t\t\t\t\t<div class=\"spectra-image-gallery__media spectra-image-gallery__media--carousel\">\n\t\t\t\t<picture>\n\t\t\t\t\t<source media=\"(min-width: 1024px)\" srcset=\"https:\/\/alexandernh.fr\/wp-content\/uploads\/2026\/03\/calendrier-editorial2-scaled.jpg\">\n\t\t\t\t\t<source media=\"(min-width: 768px)\" srcset=\"https:\/\/alexandernh.fr\/wp-content\/uploads\/2026\/03\/calendrier-editorial2-1024x724.jpg\">\n\t\t\t\t\t<img decoding=\"async\" class=\"spectra-image-gallery__media-thumbnail spectra-image-gallery__media-thumbnail--carousel\" src=\"https:\/\/alexandernh.fr\/wp-content\/uploads\/2026\/03\/calendrier-editorial2-300x212.jpg\" alt=\"\" \/>\n\t\t\t\t<\/picture>\n\t\t\t\t<div class=\"spectra-image-gallery__media-thumbnail-blurrer\"><\/div>\n\t\t\t\t\t\t\t\t\t\t\t<div class=\"spectra-image-gallery__media-thumbnail-caption-wrapper spectra-image-gallery__media-thumbnail-caption-wrapper--overlay\"><\/div>\n\t\t\t\t\t\t\t\t<\/div>\n\t\t\t\t\t\t<\/div>\n\t\t\t\t\t\t<div class='spectra-image-gallery__media-wrapper' data-spectra-gallery-image-id='711'>\n\t\t\t\t\t\t\t<div class=\"spectra-image-gallery__media spectra-image-gallery__media--carousel\">\n\t\t\t\t<picture>\n\t\t\t\t\t<source media=\"(min-width: 1024px)\" srcset=\"https:\/\/alexandernh.fr\/wp-content\/uploads\/2026\/03\/calendrier-editorial3-scaled.jpg\">\n\t\t\t\t\t<source media=\"(min-width: 768px)\" srcset=\"https:\/\/alexandernh.fr\/wp-content\/uploads\/2026\/03\/calendrier-editorial3-1024x724.jpg\">\n\t\t\t\t\t<img decoding=\"async\" class=\"spectra-image-gallery__media-thumbnail spectra-image-gallery__media-thumbnail--carousel\" src=\"https:\/\/alexandernh.fr\/wp-content\/uploads\/2026\/03\/calendrier-editorial3-300x212.jpg\" alt=\"\" \/>\n\t\t\t\t<\/picture>\n\t\t\t\t<div class=\"spectra-image-gallery__media-thumbnail-blurrer\"><\/div>\n\t\t\t\t\t\t\t\t\t\t\t<div class=\"spectra-image-gallery__media-thumbnail-caption-wrapper spectra-image-gallery__media-thumbnail-caption-wrapper--overlay\"><\/div>\n\t\t\t\t\t\t\t\t<\/div>\n\t\t\t\t\t\t<\/div>\n\t\t\t\t\t\t\t\t\t\t\t<\/div>\n\t\t\t\t\t\t\t<\/div>\n\t\t\t\t\t\t\t\t\t\t\t<\/div>\n\t\t\t\t\t\t\t\t\t\t\t<div class='spectra-image-gallery__control-lightbox' tabindex='0'>\n\t\t\t\t\t\t\t\t\t\t\t<div class=\"swiper spectra-image-gallery__control-lightbox--main\" dir=\"\">\n\t\t\t\t\t<div class=\"swiper-wrapper\">\n\t\t\t\t\t\t\t\t\t\t\t\t\t\n\t\t\t\t\t\t\t<div class=\"swiper-slide\">\n\t\t\t\t\t\t\t\t<img class=\"swiper-lazy\" data-src=\"https:\/\/alexandernh.fr\/wp-content\/uploads\/2026\/03\/calendrier-editorial-scaled.jpg\" alt=\"\"\/>\n\t\t\t\t\t\t\t\t<div class=\"swiper-lazy-preloader swiper-lazy-preloader-white\"><\/div>\n\t\t\t\t\t\t\t\t\t\t\t\t\t\t\t<\/div>\n\t\t\t\t\t\t\t\t\t\t\t\t\t\n\t\t\t\t\t\t\t<div class=\"swiper-slide\">\n\t\t\t\t\t\t\t\t<img class=\"swiper-lazy\" data-src=\"https:\/\/alexandernh.fr\/wp-content\/uploads\/2026\/03\/calendrier-editorial2-scaled.jpg\" alt=\"\"\/>\n\t\t\t\t\t\t\t\t<div class=\"swiper-lazy-preloader swiper-lazy-preloader-white\"><\/div>\n\t\t\t\t\t\t\t\t\t\t\t\t\t\t\t<\/div>\n\t\t\t\t\t\t\t\t\t\t\t\t\t\n\t\t\t\t\t\t\t<div class=\"swiper-slide\">\n\t\t\t\t\t\t\t\t<img class=\"swiper-lazy\" data-src=\"https:\/\/alexandernh.fr\/wp-content\/uploads\/2026\/03\/calendrier-editorial3-scaled.jpg\" alt=\"\"\/>\n\t\t\t\t\t\t\t\t<div class=\"swiper-lazy-preloader swiper-lazy-preloader-white\"><\/div>\n\t\t\t\t\t\t\t\t\t\t\t\t\t\t\t<\/div>\n\t\t\t\t\t\t\t\t\t\t\t<\/div>\n\t\t\t\t\t<div class=\"swiper-button-next\"><\/div>\n\t\t\t\t\t<div class=\"swiper-button-prev\"><\/div>\n\t\t\t\t<\/div>\t\t\t\n\t\t\t\t\t\t\t\t\t\t\t\t\t\t\t\t\t\t\t\t\t\t\t\t\t\t\t\t\t\t\t\t<button class='spectra-image-gallery__control-lightbox--close' aria-label=\"Close\">\n\t\t\t\t\t\t\t\t\t\t\t\t\t<svg xmlns=\"https:\/\/www.w3.org\/2000\/svg\" viewBox= \"0 0 320 512\"><path d=\"M310.6 361.4c12.5 12.5 12.5 32.75 0 45.25C304.4 412.9 296.2 416 288 416s-16.38-3.125-22.62-9.375L160 301.3L54.63 406.6C48.38 412.9 40.19 416 32 416S15.63 412.9 9.375 406.6c-12.5-12.5-12.5-32.75 0-45.25l105.4-105.4L9.375 150.6c-12.5-12.5-12.5-32.75 0-45.25s32.75-12.5 45.25 0L160 210.8l105.4-105.4c12.5-12.5 32.75-12.5 45.25 0s12.5 32.75 0 45.25l-105.4 105.4L310.6 361.4z\"><\/path><\/svg>\n\t\t\t\t\t\t\t\t\t\t\t\t<\/button>\n\t\t\t\t\t\t\t\t\t\t\t\t\t<\/div>\n\t\t\t\t\t\t\t\t\t<\/div>\n\n\n\n<div class=\"wp-block-column has-background is-layout-flow wp-container-core-column-is-layout-b2a27621 wp-block-column-is-layout-flow\" style=\"background-color:#76e7a7;padding-top:0;padding-right:0;padding-bottom:0;padding-left:0\">\n<div class=\"wp-block-uagb-image aligncenter uagb-block-703246b7 wp-block-uagb-image--layout-default wp-block-uagb-image--effect-static wp-block-uagb-image--align-center\"><figure class=\"wp-block-uagb-image__figure\"><img decoding=\"async\" srcset=\"https:\/\/alexandernh.fr\/wp-content\/uploads\/2026\/03\/typo-2-1024x576.jpg ,https:\/\/alexandernh.fr\/wp-content\/uploads\/2026\/03\/typo-2.jpg 780w, https:\/\/alexandernh.fr\/wp-content\/uploads\/2026\/03\/typo-2.jpg 360w\" sizes=\"auto, (max-width: 480px) 150px\" src=\"https:\/\/alexandernh.fr\/wp-content\/uploads\/2026\/03\/typo-2-1024x576.jpg\" alt=\"\" class=\"uag-image-853\" width=\"1920\" height=\"1080\" title=\"typo\" loading=\"lazy\" role=\"img\"\/><\/figure><\/div>\n<\/div>\n<\/div>\n\n\n\n<p><\/p>\n","protected":false},"excerpt":{"rendered":"<p>mus\u00e9um d&rsquo;histoire naturelle de la rochelle Cr\u00e9ation et gestion de l\u2019ensemble des r\u00e9seaux sociaux, ainsi que participation \u00e0 la r\u00e9flexion autour de l\u2019identit\u00e9 visuelle.De l\u2019\u00e9laboration du planning \u00e9ditorial \u00e0 la conception des visuels.L\u2019objectif est d\u2019informer le public des \u00e9v\u00e9nements \u00e0 venir, d\u2019en assurer la visibilit\u00e9 (qu\u2019ils soient ponctuels ou r\u00e9currents), et de proposer des contenus [&hellip;]<\/p>\n","protected":false},"author":1,"featured_media":0,"parent":0,"menu_order":0,"comment_status":"closed","ping_status":"closed","template":"page-no-title","meta":{"_uag_custom_page_level_css":"","footnotes":""},"class_list":["post-502","page","type-page","status-publish","hentry"],"uagb_featured_image_src":{"full":false,"thumbnail":false,"medium":false,"medium_large":false,"large":false,"1536x1536":false,"2048x2048":false},"uagb_author_info":{"display_name":"admin2959","author_link":"https:\/\/alexandernh.fr\/?author=1"},"uagb_comment_info":0,"uagb_excerpt":"mus\u00e9um d&rsquo;histoire naturelle de la rochelle Cr\u00e9ation et gestion de l\u2019ensemble des r\u00e9seaux sociaux, ainsi que participation \u00e0 la r\u00e9flexion autour de l\u2019identit\u00e9 visuelle.De l\u2019\u00e9laboration du planning \u00e9ditorial \u00e0 la conception des visuels.L\u2019objectif est d\u2019informer le public des \u00e9v\u00e9nements \u00e0 venir, d\u2019en assurer la visibilit\u00e9 (qu\u2019ils soient ponctuels ou r\u00e9currents), et de proposer des contenus\u2026","_links":{"self":[{"href":"https:\/\/alexandernh.fr\/index.php?rest_route=\/wp\/v2\/pages\/502","targetHints":{"allow":["GET"]}}],"collection":[{"href":"https:\/\/alexandernh.fr\/index.php?rest_route=\/wp\/v2\/pages"}],"about":[{"href":"https:\/\/alexandernh.fr\/index.php?rest_route=\/wp\/v2\/types\/page"}],"author":[{"embeddable":true,"href":"https:\/\/alexandernh.fr\/index.php?rest_route=\/wp\/v2\/users\/1"}],"replies":[{"embeddable":true,"href":"https:\/\/alexandernh.fr\/index.php?rest_route=%2Fwp%2Fv2%2Fcomments&post=502"}],"version-history":[{"count":56,"href":"https:\/\/alexandernh.fr\/index.php?rest_route=\/wp\/v2\/pages\/502\/revisions"}],"predecessor-version":[{"id":854,"href":"https:\/\/alexandernh.fr\/index.php?rest_route=\/wp\/v2\/pages\/502\/revisions\/854"}],"wp:attachment":[{"href":"https:\/\/alexandernh.fr\/index.php?rest_route=%2Fwp%2Fv2%2Fmedia&parent=502"}],"curies":[{"name":"wp","href":"https:\/\/api.w.org\/{rel}","templated":true}]}}