{"id":527,"date":"2026-03-24T10:18:33","date_gmt":"2026-03-24T10:18:33","guid":{"rendered":"https:\/\/alexandernh.fr\/?page_id=527"},"modified":"2026-03-30T11:00:43","modified_gmt":"2026-03-30T11:00:43","slug":"siraj","status":"publish","type":"page","link":"https:\/\/alexandernh.fr\/?page_id=527","title":{"rendered":"siraj"},"content":{"rendered":"\n<div data-aos= \"fade-down\" data-aos-duration=\"400\" data-aos-delay=\"0\" data-aos-easing=\"ease\" data-aos-once=\"true\" class=\"wp-block-uagb-container uagb-block-fd67cf40 alignfull uagb-is-root-container\">\n<div class=\"wp-block-uagb-image uagb-block-b6a366ce wp-block-uagb-image--layout-default wp-block-uagb-image--effect-static wp-block-uagb-image--align-none\"><figure class=\"wp-block-uagb-image__figure\"><img decoding=\"async\" srcset=\"https:\/\/alexandernh.fr\/wp-content\/uploads\/2026\/03\/Alexander_NAJI-HAMELIN_DG2-I_SIRAAJ_Page_1_Image_0001-scaled.jpg ,https:\/\/alexandernh.fr\/wp-content\/uploads\/2026\/03\/Alexander_NAJI-HAMELIN_DG2-I_SIRAAJ_Page_1_Image_0001-scaled.jpg 780w, https:\/\/alexandernh.fr\/wp-content\/uploads\/2026\/03\/Alexander_NAJI-HAMELIN_DG2-I_SIRAAJ_Page_1_Image_0001-scaled.jpg 360w\" sizes=\"auto, (max-width: 480px) 150px\" src=\"https:\/\/alexandernh.fr\/wp-content\/uploads\/2026\/03\/Alexander_NAJI-HAMELIN_DG2-I_SIRAAJ_Page_1_Image_0001-scaled.jpg\" alt=\"\" class=\"uag-image-482\" width=\"2560\" height=\"1467\" title=\"Alexander_NAJI-HAMELIN_DG2-I_SIRAAJ_Page_1_Image_0001\" loading=\"lazy\" role=\"img\"\/><\/figure><\/div>\n<\/div>\n\n\n\n<div class=\"wp-block-columns alignfull is-not-stacked-on-mobile is-layout-flex wp-container-core-columns-is-layout-83b06703 wp-block-columns-is-layout-flex\" style=\"margin-top:0;margin-bottom:0;padding-top:0;padding-bottom:0\">\n<div class=\"wp-block-column is-layout-flow wp-container-core-column-is-layout-b108c007 wp-block-column-is-layout-flow\" style=\"padding-right:0;padding-left:0\">\n<div data-aos= \"fade-down\" data-aos-duration=\"400\" data-aos-delay=\"0\" data-aos-easing=\"ease\" data-aos-once=\"true\" class=\"wp-block-uagb-image uagb-block-4ae90546 wp-block-uagb-image--layout-default wp-block-uagb-image--effect-static wp-block-uagb-image--align-none\"><figure class=\"wp-block-uagb-image__figure\"><img decoding=\"async\" srcset=\"https:\/\/alexandernh.fr\/wp-content\/uploads\/2026\/03\/Alexander_NAJI-HAMELIN_DG2-I_SIRAAJ_Page_2_Image_0001-scaled.jpg ,https:\/\/alexandernh.fr\/wp-content\/uploads\/2026\/03\/Alexander_NAJI-HAMELIN_DG2-I_SIRAAJ_Page_2_Image_0001-scaled.jpg 780w, https:\/\/alexandernh.fr\/wp-content\/uploads\/2026\/03\/Alexander_NAJI-HAMELIN_DG2-I_SIRAAJ_Page_2_Image_0001-scaled.jpg 360w\" sizes=\"auto, (max-width: 480px) 150px\" src=\"https:\/\/alexandernh.fr\/wp-content\/uploads\/2026\/03\/Alexander_NAJI-HAMELIN_DG2-I_SIRAAJ_Page_2_Image_0001-scaled.jpg\" alt=\"\" class=\"uag-image-559\" width=\"2560\" height=\"1467\" title=\"Alexander_NAJI-HAMELIN_DG2-I_SIRAAJ_Page_2_Image_0001\" loading=\"lazy\" role=\"img\"\/><\/figure><\/div>\n<\/div>\n\n\n\n<div class=\"wp-block-column is-layout-flow wp-block-column-is-layout-flow\">\n<div data-aos= \"fade-down\" data-aos-duration=\"400\" data-aos-delay=\"0\" data-aos-easing=\"ease\" data-aos-once=\"true\" class=\"wp-block-uagb-image uagb-block-caf0267d wp-block-uagb-image--layout-default wp-block-uagb-image--effect-static wp-block-uagb-image--align-none\"><figure class=\"wp-block-uagb-image__figure\"><img decoding=\"async\" srcset=\"https:\/\/alexandernh.fr\/wp-content\/uploads\/2026\/03\/Alexander_NAJI-HAMELIN_DG2-I_SIRAAJ_Page_4_Image_0001-scaled.jpg ,https:\/\/alexandernh.fr\/wp-content\/uploads\/2026\/03\/Alexander_NAJI-HAMELIN_DG2-I_SIRAAJ_Page_4_Image_0001-scaled.jpg 780w, https:\/\/alexandernh.fr\/wp-content\/uploads\/2026\/03\/Alexander_NAJI-HAMELIN_DG2-I_SIRAAJ_Page_4_Image_0001-scaled.jpg 360w\" sizes=\"auto, (max-width: 480px) 150px\" src=\"https:\/\/alexandernh.fr\/wp-content\/uploads\/2026\/03\/Alexander_NAJI-HAMELIN_DG2-I_SIRAAJ_Page_4_Image_0001-scaled.jpg\" alt=\"\" class=\"uag-image-560\" width=\"2560\" height=\"1467\" title=\"Alexander_NAJI-HAMELIN_DG2-I_SIRAAJ_Page_4_Image_0001\" loading=\"lazy\" role=\"img\"\/><\/figure><\/div>\n<\/div>\n<\/div>\n\n\n\n<div class=\"wp-block-columns alignfull is-layout-flex wp-container-core-columns-is-layout-2a0d0d46 wp-block-columns-is-layout-flex\" style=\"margin-top:0;margin-bottom:0;padding-top:0;padding-bottom:0\">\n<div class=\"wp-block-column is-vertically-aligned-center is-layout-flow wp-block-column-is-layout-flow\" style=\"padding-top:0;padding-left:var(--wp--preset--spacing--50);flex-basis:33.33%\">\n<p class=\"has-text-color has-link-color wp-elements-75c2e66b3ed37cfc3b59cd742965df48\" style=\"color:#d2b194;font-style:normal;font-weight:700\">siraj<\/p>\n\n\n\n<p>Cr\u00e9ation de plusieurs d\u00e9clinaisons du personnage, ainsi que de ses accessoires (props). D\u00e9veloppement de son ambiance visuelle et de ses diff\u00e9rentes expressions.<\/p>\n\n\n\n<div class=\"wp-block-uagb-buttons uagb-buttons__outer-wrap uagb-btn__small-btn uagb-btn-tablet__default-btn uagb-btn-mobile__default-btn uagb-block-49e2890c\"><div class=\"uagb-buttons__wrap uagb-buttons-layout-wrap \">\n<div class=\"wp-block-uagb-buttons-child uagb-buttons__outer-wrap uagb-block-9d147726 wp-block-button\"><div class=\"uagb-button__wrapper\"><a class=\"uagb-buttons-repeater wp-block-button__link\" aria-label=\"\" href=\"#\" rel=\"follow noopener\" target=\"_self\" role=\"button\"><div class=\"uagb-button__link\">photoshop<\/div><\/a><\/div><\/div>\n<\/div><\/div>\n<\/div>\n\n\n\n<div class=\"wp-block-column is-layout-flow wp-block-column-is-layout-flow\" style=\"flex-basis:66.66%\">\n<div data-aos= \"fade-down\" data-aos-duration=\"400\" data-aos-delay=\"0\" data-aos-easing=\"ease\" data-aos-once=\"true\" class=\"wp-block-uagb-image uagb-block-b87fcfee wp-block-uagb-image--layout-default wp-block-uagb-image--effect-static wp-block-uagb-image--align-none\"><figure class=\"wp-block-uagb-image__figure\"><img decoding=\"async\" srcset=\"https:\/\/alexandernh.fr\/wp-content\/uploads\/2026\/03\/Alexander_NAJI-HAMELIN_DG2-I_SIRAAJ_Page_5_Image_0001-scaled.jpg ,https:\/\/alexandernh.fr\/wp-content\/uploads\/2026\/03\/Alexander_NAJI-HAMELIN_DG2-I_SIRAAJ_Page_5_Image_0001-scaled.jpg 780w, https:\/\/alexandernh.fr\/wp-content\/uploads\/2026\/03\/Alexander_NAJI-HAMELIN_DG2-I_SIRAAJ_Page_5_Image_0001-scaled.jpg 360w\" sizes=\"auto, (max-width: 480px) 150px\" src=\"https:\/\/alexandernh.fr\/wp-content\/uploads\/2026\/03\/Alexander_NAJI-HAMELIN_DG2-I_SIRAAJ_Page_5_Image_0001-scaled.jpg\" alt=\"\" class=\"uag-image-566\" width=\"2560\" height=\"1467\" title=\"Alexander_NAJI-HAMELIN_DG2-I_SIRAAJ_Page_5_Image_0001\" loading=\"lazy\" role=\"img\"\/><\/figure><\/div>\n<\/div>\n<\/div>\n\n\n\n<div class=\"wp-block-uagb-container uagb-block-80553f49 alignfull uagb-is-root-container\">\n<div data-aos= \"fade-down\" data-aos-duration=\"400\" data-aos-delay=\"0\" data-aos-easing=\"ease\" data-aos-once=\"true\" class=\"wp-block-uagb-image uagb-block-8aac6458 wp-block-uagb-image--layout-default wp-block-uagb-image--effect-static wp-block-uagb-image--align-none\"><figure class=\"wp-block-uagb-image__figure\"><img decoding=\"async\" srcset=\"https:\/\/alexandernh.fr\/wp-content\/uploads\/2026\/03\/Alexander_NAJI-HAMELIN_DG2-I_SIRAAJ_Page_3_Image_0001-scaled.jpg ,https:\/\/alexandernh.fr\/wp-content\/uploads\/2026\/03\/Alexander_NAJI-HAMELIN_DG2-I_SIRAAJ_Page_3_Image_0001-scaled.jpg 780w, https:\/\/alexandernh.fr\/wp-content\/uploads\/2026\/03\/Alexander_NAJI-HAMELIN_DG2-I_SIRAAJ_Page_3_Image_0001-scaled.jpg 360w\" sizes=\"auto, (max-width: 480px) 150px\" src=\"https:\/\/alexandernh.fr\/wp-content\/uploads\/2026\/03\/Alexander_NAJI-HAMELIN_DG2-I_SIRAAJ_Page_3_Image_0001-scaled.jpg\" alt=\"\" class=\"uag-image-573\" width=\"2560\" height=\"1467\" title=\"Alexander_NAJI-HAMELIN_DG2-I_SIRAAJ_Page_3_Image_0001\" loading=\"lazy\" role=\"img\"\/><\/figure><\/div>\n<\/div>\n","protected":false},"excerpt":{"rendered":"<p>siraj Cr\u00e9ation de plusieurs d\u00e9clinaisons du personnage, ainsi que de ses accessoires (props). D\u00e9veloppement de son ambiance visuelle et de ses diff\u00e9rentes expressions.<\/p>\n","protected":false},"author":1,"featured_media":0,"parent":0,"menu_order":0,"comment_status":"closed","ping_status":"closed","template":"page-no-title","meta":{"_uag_custom_page_level_css":"","footnotes":""},"class_list":["post-527","page","type-page","status-publish","hentry"],"uagb_featured_image_src":{"full":false,"thumbnail":false,"medium":false,"medium_large":false,"large":false,"1536x1536":false,"2048x2048":false},"uagb_author_info":{"display_name":"admin2959","author_link":"https:\/\/alexandernh.fr\/?author=1"},"uagb_comment_info":0,"uagb_excerpt":"siraj Cr\u00e9ation de plusieurs d\u00e9clinaisons du personnage, ainsi que de ses accessoires (props). D\u00e9veloppement de son ambiance visuelle et de ses diff\u00e9rentes expressions.","_links":{"self":[{"href":"https:\/\/alexandernh.fr\/index.php?rest_route=\/wp\/v2\/pages\/527","targetHints":{"allow":["GET"]}}],"collection":[{"href":"https:\/\/alexandernh.fr\/index.php?rest_route=\/wp\/v2\/pages"}],"about":[{"href":"https:\/\/alexandernh.fr\/index.php?rest_route=\/wp\/v2\/types\/page"}],"author":[{"embeddable":true,"href":"https:\/\/alexandernh.fr\/index.php?rest_route=\/wp\/v2\/users\/1"}],"replies":[{"embeddable":true,"href":"https:\/\/alexandernh.fr\/index.php?rest_route=%2Fwp%2Fv2%2Fcomments&post=527"}],"version-history":[{"count":43,"href":"https:\/\/alexandernh.fr\/index.php?rest_route=\/wp\/v2\/pages\/527\/revisions"}],"predecessor-version":[{"id":832,"href":"https:\/\/alexandernh.fr\/index.php?rest_route=\/wp\/v2\/pages\/527\/revisions\/832"}],"wp:attachment":[{"href":"https:\/\/alexandernh.fr\/index.php?rest_route=%2Fwp%2Fv2%2Fmedia&parent=527"}],"curies":[{"name":"wp","href":"https:\/\/api.w.org\/{rel}","templated":true}]}}